{"id":5900,"date":"2020-08-27T10:57:22","date_gmt":"2020-08-27T08:57:22","guid":{"rendered":"http:\/\/la-motte-tilly.lobs.pro\/wordpress\/?page_id=5900"},"modified":"2020-12-18T20:05:51","modified_gmt":"2020-12-18T19:05:51","slug":"participation-citoyenne","status":"publish","type":"page","link":"https:\/\/www.lamottetilly.fr\/wordpress\/index.php\/participation-citoyenne\/","title":{"rendered":"Participation citoyenne"},"content":{"rendered":"\t\t<div data-elementor-type=\"wp-page\" data-elementor-id=\"5900\" class=\"elementor elementor-5900\" data-elementor-settings=\"[]\">\n\t\t\t\t\t\t<div class=\"elementor-inner\">\n\t\t\t\t\t\t\t<div class=\"elementor-section-wrap\">\n\t\t\t\t\t\t\t<section class=\"elementor-section elementor-top-section elementor-element elementor-element-f7adac8 elementor-section-boxed elementor-section-height-default elementor-section-height-default\" data-id=\"f7adac8\" data-element_type=\"section\">\n\t\t\t\t\t\t<div class=\"elementor-container elementor-column-gap-default\">\n\t\t\t\t\t\t\t<div class=\"elementor-row\">\n\t\t\t\t\t<div class=\"elementor-column elementor-col-100 elementor-top-column elementor-element elementor-element-2c94d2a\" data-id=\"2c94d2a\" data-element_type=\"column\">\n\t\t\t<div class=\"elementor-column-wrap elementor-element-populated\">\n\t\t\t\t\t\t\t<div class=\"elementor-widget-wrap\">\n\t\t\t\t\t\t<div class=\"elementor-element elementor-element-e8dc2e2 elementor-widget elementor-widget-spacer\" data-id=\"e8dc2e2\" data-element_type=\"widget\" data-widget_type=\"spacer.default\">\n\t\t\t\t<div class=\"elementor-widget-container\">\n\t\t\t\t\t<div class=\"elementor-spacer\">\n\t\t\t<div class=\"elementor-spacer-inner\"><\/div>\n\t\t<\/div>\n\t\t\t\t<\/div>\n\t\t\t\t<\/div>\n\t\t\t\t<div class=\"elementor-element elementor-element-fcc6a44 elementor-invisible elementor-widget elementor-widget-heading\" data-id=\"fcc6a44\" data-element_type=\"widget\" data-settings=\"{&quot;_animation&quot;:&quot;rotateInUpRight&quot;}\" data-widget_type=\"heading.default\">\n\t\t\t\t<div class=\"elementor-widget-container\">\n\t\t\t<h2 class=\"elementor-heading-title elementor-size-default\">Participation citoyenne<\/h2>\t\t<\/div>\n\t\t\t\t<\/div>\n\t\t\t\t<section class=\"elementor-section elementor-inner-section elementor-element elementor-element-15b8b07 elementor-section-boxed elementor-section-height-default elementor-section-height-default\" data-id=\"15b8b07\" data-element_type=\"section\">\n\t\t\t\t\t\t<div class=\"elementor-container elementor-column-gap-default\">\n\t\t\t\t\t\t\t<div class=\"elementor-row\">\n\t\t\t\t\t<div class=\"elementor-column elementor-col-33 elementor-inner-column elementor-element elementor-element-cd7b3ff\" data-id=\"cd7b3ff\" data-element_type=\"column\">\n\t\t\t<div class=\"elementor-column-wrap elementor-element-populated\">\n\t\t\t\t\t\t\t<div class=\"elementor-widget-wrap\">\n\t\t\t\t\t\t<div class=\"elementor-element elementor-element-777048a elementor-widget elementor-widget-image\" data-id=\"777048a\" data-element_type=\"widget\" data-widget_type=\"image.default\">\n\t\t\t\t<div class=\"elementor-widget-container\">\n\t\t\t\t\t\t\t\t<div class=\"elementor-image\">\n\t\t\t\t\t\t\t\t\t\t\t\t<img src=\"https:\/\/www.lamottetilly.fr\/wordpress\/wp-content\/uploads\/elementor\/thumbs\/WhatsApp-Image-2020-08-28-at-12.29.34-oumpwk4x9u0b12l56dqg08cx7i5anm7flj8ym79lao.jpg\" title=\"WhatsApp-Image-2020-08-28-at-12.29.34\" alt=\"Participation citoyenne\" \/>\t\t\t\t\t\t\t\t\t\t\t\t\t\t<\/div>\n\t\t\t\t\t\t<\/div>\n\t\t\t\t<\/div>\n\t\t\t\t\t\t<\/div>\n\t\t\t\t\t<\/div>\n\t\t<\/div>\n\t\t\t\t<div class=\"elementor-column elementor-col-33 elementor-inner-column elementor-element elementor-element-6254b51\" data-id=\"6254b51\" data-element_type=\"column\">\n\t\t\t<div class=\"elementor-column-wrap\">\n\t\t\t\t\t\t\t<div class=\"elementor-widget-wrap\">\n\t\t\t\t\t\t\t\t<\/div>\n\t\t\t\t\t<\/div>\n\t\t<\/div>\n\t\t\t\t<div class=\"elementor-column elementor-col-33 elementor-inner-column elementor-element elementor-element-f510a82\" data-id=\"f510a82\" data-element_type=\"column\">\n\t\t\t<div class=\"elementor-column-wrap elementor-element-populated\">\n\t\t\t\t\t\t\t<div class=\"elementor-widget-wrap\">\n\t\t\t\t\t\t<div class=\"elementor-element elementor-element-16f0836 elementor-widget elementor-widget-text-editor\" data-id=\"16f0836\" data-element_type=\"widget\" data-widget_type=\"text-editor.default\">\n\t\t\t\t<div class=\"elementor-widget-container\">\n\t\t\t\t\t\t\t\t<div class=\"elementor-text-editor elementor-clearfix\">\n\t\t\t\t<p><span style=\"color: #ff0000;\"><em><strong>R\u00e9f\u00e9rents :<\/strong><\/em><\/span><\/p><ul><li><em> <\/em><span style=\"color: #333333;\">M. Jean KOCH : <\/span><strong>06 83 34 77 99<\/strong><\/li><li><span style=\"color: #333333;\">M. Michel NOTTEAU : <\/span><strong>06 86 66 59 01<\/strong><\/li><li><span style=\"color: #333333;\">M. Christian S\u00c9GUIN : <\/span><strong>06 10 49 39 11<\/strong><\/li><\/ul><div><p><span style=\"color: #333333;\">Instaur\u00e9e pour la premi\u00e8re fois en 2016, \u00e0 La Motte-Tilly, la d\u00e9marche participation citoyenne, c<span>r\u00e9\u00e9e<\/span> en 2006, par le gouvernement, consiste \u00e0 sensibiliser les habitants d\u2019une commune ou d\u2019un quartier et \u00e0 les associer \u00e0 la protection de leur environnement.<\/span><\/p><p><span style=\"color: #333333;\">Mis en place dans les secteurs touch\u00e9s par des cambriolages et des incivilit\u00e9s, ce dispositif encourage la population \u00e0 adopter une attitude solidaire et vigilante ainsi qu\u2019\u00e0 informer les forces de l\u2019ordre de tout fait particulier.<\/span><\/p><\/div>\t\t\t\t\t<\/div>\n\t\t\t\t\t\t<\/div>\n\t\t\t\t<\/div>\n\t\t\t\t\t\t<\/div>\n\t\t\t\t\t<\/div>\n\t\t<\/div>\n\t\t\t\t\t\t\t\t<\/div>\n\t\t\t\t\t<\/div>\n\t\t<\/section>\n\t\t\t\t\t\t<\/div>\n\t\t\t\t\t<\/div>\n\t\t<\/div>\n\t\t\t\t\t\t\t\t<\/div>\n\t\t\t\t\t<\/div>\n\t\t<\/section>\n\t\t\t\t\t\t<\/div>\n\t\t\t\t\t\t<\/div>\n\t\t\t\t\t<\/div>\n\t\t","protected":false},"excerpt":{"rendered":"<p>Participation citoyenne R\u00e9f\u00e9rents : M. Jean KOCH : 06 83 34 77 99 M. Michel NOTTEAU : 06 86 66 59 01 M. Christian S\u00c9GUIN : 06 10 49 39 11 Instaur\u00e9e pour la premi\u00e8re fois en 2016, \u00e0 La Motte-Tilly, la d\u00e9marche participation citoyenne, cr\u00e9\u00e9e en 2006, par le [&hellip;]<\/p>\n","protected":false},"author":3,"featured_media":5128,"parent":0,"menu_order":0,"comment_status":"closed","ping_status":"closed","template":"page-templates\/template-fullwidth.php","meta":[],"_links":{"self":[{"href":"https:\/\/www.lamottetilly.fr\/wordpress\/index.php\/wp-json\/wp\/v2\/pages\/5900"}],"collection":[{"href":"https:\/\/www.lamottetilly.fr\/wordpress\/index.php\/wp-json\/wp\/v2\/pages"}],"about":[{"href":"https:\/\/www.lamottetilly.fr\/wordpress\/index.php\/wp-json\/wp\/v2\/types\/page"}],"author":[{"embeddable":true,"href":"https:\/\/www.lamottetilly.fr\/wordpress\/index.php\/wp-json\/wp\/v2\/users\/3"}],"replies":[{"embeddable":true,"href":"https:\/\/www.lamottetilly.fr\/wordpress\/index.php\/wp-json\/wp\/v2\/comments?post=5900"}],"version-history":[{"count":32,"href":"https:\/\/www.lamottetilly.fr\/wordpress\/index.php\/wp-json\/wp\/v2\/pages\/5900\/revisions"}],"predecessor-version":[{"id":7962,"href":"https:\/\/www.lamottetilly.fr\/wordpress\/index.php\/wp-json\/wp\/v2\/pages\/5900\/revisions\/7962"}],"wp:featuredmedia":[{"embeddable":true,"href":"https:\/\/www.lamottetilly.fr\/wordpress\/index.php\/wp-json\/wp\/v2\/media\/5128"}],"wp:attachment":[{"href":"https:\/\/www.lamottetilly.fr\/wordpress\/index.php\/wp-json\/wp\/v2\/media?parent=5900"}],"curies":[{"name":"wp","href":"https:\/\/api.w.org\/{rel}","templated":true}]}}