{"id":5822,"date":"2020-08-25T20:18:30","date_gmt":"2020-08-25T18:18:30","guid":{"rendered":"http:\/\/la-motte-tilly.lobs.pro\/wordpress\/?page_id=5822"},"modified":"2021-03-18T09:45:23","modified_gmt":"2021-03-18T08:45:23","slug":"demoustication","status":"publish","type":"page","link":"https:\/\/www.lamottetilly.fr\/wordpress\/index.php\/demoustication\/","title":{"rendered":"D\u00e9moustication"},"content":{"rendered":"\t\t<div data-elementor-type=\"wp-page\" data-elementor-id=\"5822\" class=\"elementor elementor-5822\" data-elementor-settings=\"[]\">\n\t\t\t\t\t\t<div class=\"elementor-inner\">\n\t\t\t\t\t\t\t<div class=\"elementor-section-wrap\">\n\t\t\t\t\t\t\t<section class=\"elementor-section elementor-top-section elementor-element elementor-element-ceefd42 elementor-section-boxed elementor-section-height-default elementor-section-height-default\" data-id=\"ceefd42\" data-element_type=\"section\">\n\t\t\t\t\t\t<div class=\"elementor-container elementor-column-gap-default\">\n\t\t\t\t\t\t\t<div class=\"elementor-row\">\n\t\t\t\t\t<div class=\"elementor-column elementor-col-100 elementor-top-column elementor-element elementor-element-1beea03\" data-id=\"1beea03\" data-element_type=\"column\">\n\t\t\t<div class=\"elementor-column-wrap elementor-element-populated\">\n\t\t\t\t\t\t\t<div class=\"elementor-widget-wrap\">\n\t\t\t\t\t\t<div class=\"elementor-element elementor-element-7525115 elementor-widget elementor-widget-spacer\" data-id=\"7525115\" data-element_type=\"widget\" data-widget_type=\"spacer.default\">\n\t\t\t\t<div class=\"elementor-widget-container\">\n\t\t\t\t\t<div class=\"elementor-spacer\">\n\t\t\t<div class=\"elementor-spacer-inner\"><\/div>\n\t\t<\/div>\n\t\t\t\t<\/div>\n\t\t\t\t<\/div>\n\t\t\t\t<div class=\"elementor-element elementor-element-60ef417 animated-slow elementor-invisible elementor-widget elementor-widget-heading\" data-id=\"60ef417\" data-element_type=\"widget\" data-settings=\"{&quot;_animation&quot;:&quot;fadeInDown&quot;}\" data-widget_type=\"heading.default\">\n\t\t\t\t<div class=\"elementor-widget-container\">\n\t\t\t<h2 class=\"elementor-heading-title elementor-size-default\">D\u00e9moustication<\/h2>\t\t<\/div>\n\t\t\t\t<\/div>\n\t\t\t\t<section class=\"elementor-section elementor-inner-section elementor-element elementor-element-47828b2 elementor-section-boxed elementor-section-height-default elementor-section-height-default\" data-id=\"47828b2\" data-element_type=\"section\">\n\t\t\t\t\t\t<div class=\"elementor-container elementor-column-gap-default\">\n\t\t\t\t\t\t\t<div class=\"elementor-row\">\n\t\t\t\t\t<div class=\"elementor-column elementor-col-33 elementor-inner-column elementor-element elementor-element-14f2e0b\" data-id=\"14f2e0b\" data-element_type=\"column\">\n\t\t\t<div class=\"elementor-column-wrap elementor-element-populated\">\n\t\t\t\t\t\t\t<div class=\"elementor-widget-wrap\">\n\t\t\t\t\t\t<div class=\"elementor-element elementor-element-8af80bd elementor-widget elementor-widget-image\" data-id=\"8af80bd\" data-element_type=\"widget\" data-widget_type=\"image.default\">\n\t\t\t\t<div class=\"elementor-widget-container\">\n\t\t\t\t\t\t\t\t<div class=\"elementor-image\">\n\t\t\t\t\t\t\t\t\t\t\t\t\t<a href=\"http:\/\/la-motte-tilly.lobs.pro\/wordpress\/wp-content\/uploads\/2020\/08\/LMT-Inondation.jpeg\" data-elementor-open-lightbox=\"yes\" data-elementor-lightbox-title=\"LMT-Inondation\">\n\t\t\t\t\t\t\t<img width=\"750\" height=\"563\" src=\"https:\/\/www.lamottetilly.fr\/wordpress\/wp-content\/uploads\/2020\/08\/LMT-Inondation-1024x768.jpeg\" class=\"attachment-large size-large\" alt=\"La descente \u00e0 bateaux inond\u00e9e\" loading=\"lazy\" srcset=\"https:\/\/www.lamottetilly.fr\/wordpress\/wp-content\/uploads\/2020\/08\/LMT-Inondation-1024x768.jpeg 1024w, https:\/\/www.lamottetilly.fr\/wordpress\/wp-content\/uploads\/2020\/08\/LMT-Inondation-300x225.jpeg 300w, https:\/\/www.lamottetilly.fr\/wordpress\/wp-content\/uploads\/2020\/08\/LMT-Inondation-768x576.jpeg 768w, https:\/\/www.lamottetilly.fr\/wordpress\/wp-content\/uploads\/2020\/08\/LMT-Inondation-1536x1152.jpeg 1536w, https:\/\/www.lamottetilly.fr\/wordpress\/wp-content\/uploads\/2020\/08\/LMT-Inondation.jpeg 1600w\" sizes=\"(max-width: 750px) 100vw, 750px\" \/>\t\t\t\t\t\t\t\t<\/a>\n\t\t\t\t\t\t\t\t\t\t\t\t\t\t<\/div>\n\t\t\t\t\t\t<\/div>\n\t\t\t\t<\/div>\n\t\t\t\t\t\t<\/div>\n\t\t\t\t\t<\/div>\n\t\t<\/div>\n\t\t\t\t<div class=\"elementor-column elementor-col-33 elementor-inner-column elementor-element elementor-element-84347bb\" data-id=\"84347bb\" data-element_type=\"column\">\n\t\t\t<div class=\"elementor-column-wrap\">\n\t\t\t\t\t\t\t<div class=\"elementor-widget-wrap\">\n\t\t\t\t\t\t\t\t<\/div>\n\t\t\t\t\t<\/div>\n\t\t<\/div>\n\t\t\t\t<div class=\"elementor-column elementor-col-33 elementor-inner-column elementor-element elementor-element-299a536\" data-id=\"299a536\" data-element_type=\"column\">\n\t\t\t<div class=\"elementor-column-wrap elementor-element-populated\">\n\t\t\t\t\t\t\t<div class=\"elementor-widget-wrap\">\n\t\t\t\t\t\t<div class=\"elementor-element elementor-element-46037ba elementor-widget elementor-widget-text-editor\" data-id=\"46037ba\" data-element_type=\"widget\" data-widget_type=\"text-editor.default\">\n\t\t\t\t<div class=\"elementor-widget-container\">\n\t\t\t\t\t\t\t\t<div class=\"elementor-text-editor elementor-clearfix\">\n\t\t\t\t<p><span style=\"color: #333333;\">En p\u00e9riode de pr\u00e9cipitations, les eaux stagnantes pr\u00e9sentes sur le territoire sont propices au d\u00e9veloppement des moustiques. Leur prolif\u00e9ration peut devenir g\u00eanante. Le<\/span> <em><strong>SDDEA<\/strong><\/em><span style=\"color: #333333;\"> m\u00e8ne des actions de pr\u00e9vention et des actions curatives pour diminuer dans la mesure du possible leur multiplication sur une centaine de communes de l\u2019Aube et de la Marne, dans les vall\u00e9es de la Seine et de L\u2019Aube.<\/span><\/p><p><a href=\"https:\/\/www.lamottetilly.fr\/wordpress\/wp-content\/uploads\/2021\/03\/SDDEA2021.pdf\" target=\"_blank\" rel=\"noopener\">Bulletin d&rsquo;information 2021-01<\/a><br \/><a href=\"_wp_link_placeholder\">PDF t\u00e9l\u00e9chargeable<\/a><\/p>\t\t\t\t\t<\/div>\n\t\t\t\t\t\t<\/div>\n\t\t\t\t<\/div>\n\t\t\t\t\t\t<\/div>\n\t\t\t\t\t<\/div>\n\t\t<\/div>\n\t\t\t\t\t\t\t\t<\/div>\n\t\t\t\t\t<\/div>\n\t\t<\/section>\n\t\t\t\t\t\t<\/div>\n\t\t\t\t\t<\/div>\n\t\t<\/div>\n\t\t\t\t\t\t\t\t<\/div>\n\t\t\t\t\t<\/div>\n\t\t<\/section>\n\t\t\t\t\t\t<\/div>\n\t\t\t\t\t\t<\/div>\n\t\t\t\t\t<\/div>\n\t\t","protected":false},"excerpt":{"rendered":"<p>D\u00e9moustication En p\u00e9riode de pr\u00e9cipitations, les eaux stagnantes pr\u00e9sentes sur le territoire sont propices au d\u00e9veloppement des moustiques. Leur prolif\u00e9ration peut devenir g\u00eanante. Le SDDEA m\u00e8ne des actions de pr\u00e9vention et des actions curatives pour diminuer dans la mesure du possible leur multiplication sur une centaine de communes de l\u2019Aube [&hellip;]<\/p>\n","protected":false},"author":3,"featured_media":5751,"parent":0,"menu_order":0,"comment_status":"closed","ping_status":"closed","template":"page-templates\/template-fullwidth.php","meta":[],"_links":{"self":[{"href":"https:\/\/www.lamottetilly.fr\/wordpress\/index.php\/wp-json\/wp\/v2\/pages\/5822"}],"collection":[{"href":"https:\/\/www.lamottetilly.fr\/wordpress\/index.php\/wp-json\/wp\/v2\/pages"}],"about":[{"href":"https:\/\/www.lamottetilly.fr\/wordpress\/index.php\/wp-json\/wp\/v2\/types\/page"}],"author":[{"embeddable":true,"href":"https:\/\/www.lamottetilly.fr\/wordpress\/index.php\/wp-json\/wp\/v2\/users\/3"}],"replies":[{"embeddable":true,"href":"https:\/\/www.lamottetilly.fr\/wordpress\/index.php\/wp-json\/wp\/v2\/comments?post=5822"}],"version-history":[{"count":30,"href":"https:\/\/www.lamottetilly.fr\/wordpress\/index.php\/wp-json\/wp\/v2\/pages\/5822\/revisions"}],"predecessor-version":[{"id":8865,"href":"https:\/\/www.lamottetilly.fr\/wordpress\/index.php\/wp-json\/wp\/v2\/pages\/5822\/revisions\/8865"}],"wp:featuredmedia":[{"embeddable":true,"href":"https:\/\/www.lamottetilly.fr\/wordpress\/index.php\/wp-json\/wp\/v2\/media\/5751"}],"wp:attachment":[{"href":"https:\/\/www.lamottetilly.fr\/wordpress\/index.php\/wp-json\/wp\/v2\/media?parent=5822"}],"curies":[{"name":"wp","href":"https:\/\/api.w.org\/{rel}","templated":true}]}}