{"id":4505,"date":"2020-06-16T14:49:30","date_gmt":"2020-06-16T12:49:30","guid":{"rendered":"http:\/\/la-motte-tilly.lobs.pro\/wordpress\/?page_id=4505"},"modified":"2021-11-15T15:11:31","modified_gmt":"2021-11-15T14:11:31","slug":"c-c-a-s","status":"publish","type":"page","link":"https:\/\/www.lamottetilly.fr\/wordpress\/index.php\/c-c-a-s\/","title":{"rendered":"C.C.A.S."},"content":{"rendered":"\t\t<div data-elementor-type=\"wp-page\" data-elementor-id=\"4505\" class=\"elementor elementor-4505\" data-elementor-settings=\"[]\">\n\t\t\t\t\t\t<div class=\"elementor-inner\">\n\t\t\t\t\t\t\t<div class=\"elementor-section-wrap\">\n\t\t\t\t\t\t\t<section class=\"elementor-section elementor-top-section elementor-element elementor-element-97a2a6e elementor-section-boxed elementor-section-height-default elementor-section-height-default\" data-id=\"97a2a6e\" data-element_type=\"section\">\n\t\t\t\t\t\t<div class=\"elementor-container elementor-column-gap-default\">\n\t\t\t\t\t\t\t<div class=\"elementor-row\">\n\t\t\t\t\t<div class=\"elementor-column elementor-col-100 elementor-top-column elementor-element elementor-element-3c1f312\" data-id=\"3c1f312\" data-element_type=\"column\">\n\t\t\t<div class=\"elementor-column-wrap elementor-element-populated\">\n\t\t\t\t\t\t\t<div class=\"elementor-widget-wrap\">\n\t\t\t\t\t\t<div class=\"elementor-element elementor-element-eddd757 elementor-widget elementor-widget-spacer\" data-id=\"eddd757\" data-element_type=\"widget\" data-widget_type=\"spacer.default\">\n\t\t\t\t<div class=\"elementor-widget-container\">\n\t\t\t\t\t<div class=\"elementor-spacer\">\n\t\t\t<div class=\"elementor-spacer-inner\"><\/div>\n\t\t<\/div>\n\t\t\t\t<\/div>\n\t\t\t\t<\/div>\n\t\t\t\t<div class=\"elementor-element elementor-element-2a0756d elementor-invisible elementor-widget elementor-widget-heading\" data-id=\"2a0756d\" data-element_type=\"widget\" data-settings=\"{&quot;_animation&quot;:&quot;fadeInDown&quot;}\" data-widget_type=\"heading.default\">\n\t\t\t\t<div class=\"elementor-widget-container\">\n\t\t\t<h2 class=\"elementor-heading-title elementor-size-default\">Le C.C.A.S.<\/h2>\t\t<\/div>\n\t\t\t\t<\/div>\n\t\t\t\t\t\t<\/div>\n\t\t\t\t\t<\/div>\n\t\t<\/div>\n\t\t\t\t\t\t\t\t<\/div>\n\t\t\t\t\t<\/div>\n\t\t<\/section>\n\t\t\t\t<section class=\"elementor-section elementor-top-section elementor-element elementor-element-0f4f16f elementor-section-boxed elementor-section-height-default elementor-section-height-default\" data-id=\"0f4f16f\" data-element_type=\"section\">\n\t\t\t\t\t\t<div class=\"elementor-container elementor-column-gap-default\">\n\t\t\t\t\t\t\t<div class=\"elementor-row\">\n\t\t\t\t\t<div class=\"elementor-column elementor-col-100 elementor-top-column elementor-element elementor-element-05067d6\" data-id=\"05067d6\" data-element_type=\"column\">\n\t\t\t<div class=\"elementor-column-wrap elementor-element-populated\">\n\t\t\t\t\t\t\t<div class=\"elementor-widget-wrap\">\n\t\t\t\t\t\t<section class=\"elementor-section elementor-inner-section elementor-element elementor-element-8e46aca elementor-section-boxed elementor-section-height-default elementor-section-height-default\" data-id=\"8e46aca\" data-element_type=\"section\">\n\t\t\t\t\t\t<div class=\"elementor-container elementor-column-gap-default\">\n\t\t\t\t\t\t\t<div class=\"elementor-row\">\n\t\t\t\t\t<div class=\"elementor-column elementor-col-50 elementor-inner-column elementor-element elementor-element-c2d782d\" data-id=\"c2d782d\" data-element_type=\"column\">\n\t\t\t<div class=\"elementor-column-wrap elementor-element-populated\">\n\t\t\t\t\t\t\t<div class=\"elementor-widget-wrap\">\n\t\t\t\t\t\t<div class=\"elementor-element elementor-element-7046b5f elementor-widget elementor-widget-text-editor\" data-id=\"7046b5f\" data-element_type=\"widget\" data-widget_type=\"text-editor.default\">\n\t\t\t\t<div class=\"elementor-widget-container\">\n\t\t\t\t\t\t\t\t<div class=\"elementor-text-editor elementor-clearfix\">\n\t\t\t\t<p>Le<strong> C.C.A.S. est constitu\u00e9 de :<\/strong><\/p>\n<p>Olivier Doussot<span style=\"color: #333333;\"><span style=\"color: #000000;\">,<\/span> membre de droit<\/span><span style=\"color: #333333;\"><br \/><\/span><\/p>\n<p><span style=\"color: #333333;\">de membres du conseil municipal :<\/span><span style=\"color: #333333;\"><br \/><\/span>Annie Chartier<br \/>Myriam Fliss<br \/>Jean Koch<br \/>Fran\u00e7oise Lhote<br \/>Luc Schrive<\/p>\n<p><span style=\"color: #333333;\">ainsi que de membres b\u00e9n\u00e9voles :<\/span><br \/>Florence Dujay, Line Guillaume, Martine Heurtevin, Claudine Lucquin, Marie-France S\u00e9guin.<\/p>\n<p><\/p>\n<p><\/p>\t\t\t\t\t<\/div>\n\t\t\t\t\t\t<\/div>\n\t\t\t\t<\/div>\n\t\t\t\t\t\t<\/div>\n\t\t\t\t\t<\/div>\n\t\t<\/div>\n\t\t\t\t<div class=\"elementor-column elementor-col-50 elementor-inner-column elementor-element elementor-element-e8122d3\" data-id=\"e8122d3\" data-element_type=\"column\">\n\t\t\t<div class=\"elementor-column-wrap elementor-element-populated\">\n\t\t\t\t\t\t\t<div class=\"elementor-widget-wrap\">\n\t\t\t\t\t\t<div class=\"elementor-element elementor-element-71036ef elementor-widget elementor-widget-text-editor\" data-id=\"71036ef\" data-element_type=\"widget\" data-widget_type=\"text-editor.default\">\n\t\t\t\t<div class=\"elementor-widget-container\">\n\t\t\t\t\t\t\t\t<div class=\"elementor-text-editor elementor-clearfix\">\n\t\t\t\t<p style=\"text-align: left;\"><span style=\"color: #333333;\">Le <\/span><i><b><span style=\"color: #9eb712;\">Centre <\/span><\/b><\/i><i><b><span style=\"color: #9eb712;\">Communal<\/span><\/b><\/i><i><b><span style=\"color: #9eb712;\"> d&rsquo;Action Sociale<\/span> <\/b><\/i><span style=\"color: #333333;\">est un organisme communal int\u00e9gr\u00e9 au sein de la mairie mais ind\u00e9pendant.<\/span><\/p>\n<p><span style=\"color: #333333;\">Le r\u00f4le du <\/span><strong><span style=\"color: #9eb712;\">C.C.A.S<\/span><\/strong> <span style=\"color: #333333;\">est de venir en aide aux personnes les plus fragiles et d&rsquo;animer l&rsquo;action sociale dans la commune.<\/span><br \/><span style=\"color: #333333;\">Pour cela, il d\u00e9veloppe des activit\u00e9s et missions (dans le cadre l\u00e9gal et facultatif), visant \u00e0 assister et soutenir les populations concern\u00e9es telles que les personnes handicap\u00e9es, les familles en difficult\u00e9 ou les personnes \u00e2g\u00e9es.<\/span><br \/><span style=\"color: #333333;\">Il a pour mission d&rsquo;animer une action g\u00e9n\u00e9rale de pr\u00e9vention et de d\u00e9veloppement social au sein de la commune en liaison \u00e9troite avec les institutions publiques et priv\u00e9es.<\/span><\/p>\n<p><span style=\"color: #333333;\">Il dispose d&rsquo;un conseil d&rsquo;administration qui est pr\u00e9sid\u00e9 par le maire de la commune.<\/span><\/p>\n<p><!-- \/wp:paragraph --><!-- wp:paragraph --><\/p>\t\t\t\t\t<\/div>\n\t\t\t\t\t\t<\/div>\n\t\t\t\t<\/div>\n\t\t\t\t\t\t<\/div>\n\t\t\t\t\t<\/div>\n\t\t<\/div>\n\t\t\t\t\t\t\t\t<\/div>\n\t\t\t\t\t<\/div>\n\t\t<\/section>\n\t\t\t\t<div class=\"elementor-element elementor-element-9712370 elementor-widget elementor-widget-spacer\" data-id=\"9712370\" data-element_type=\"widget\" data-widget_type=\"spacer.default\">\n\t\t\t\t<div class=\"elementor-widget-container\">\n\t\t\t\t\t<div class=\"elementor-spacer\">\n\t\t\t<div class=\"elementor-spacer-inner\"><\/div>\n\t\t<\/div>\n\t\t\t\t<\/div>\n\t\t\t\t<\/div>\n\t\t\t\t<div class=\"elementor-element elementor-element-2afdfe8 elementor-widget elementor-widget-heading\" data-id=\"2afdfe8\" data-element_type=\"widget\" data-widget_type=\"heading.default\">\n\t\t\t\t<div class=\"elementor-widget-container\">\n\t\t\t<h2 class=\"elementor-heading-title elementor-size-large\">\u00c9v\u00e9nements pass\u00e9s et \u00e0 venir<\/h2>\t\t<\/div>\n\t\t\t\t<\/div>\n\t\t\t\t<div class=\"elementor-element elementor-element-e93f2c8 elementor-widget elementor-widget-obfx-posts-grid\" data-id=\"e93f2c8\" data-element_type=\"widget\" data-widget_type=\"obfx-posts-grid.default\">\n\t\t\t\t<div class=\"elementor-widget-container\">\n\t\t\t<div class=\"obfx-grid\"><div class=\"obfx-grid-container obfx-grid-mobile-1 obfx-grid-tablet-2 obfx-grid-desktop-3\"><div class=\"obfx-grid-wrapper\"><article class=\"obfx-grid-col\"><div class=\"obfx-grid-col-image\" ><a href=\"https:\/\/www.lamottetilly.fr\/wordpress\/index.php\/2024\/12\/09\/noel-a-la-motte-tilly-3\/\" title=\"No\u00ebl \u00e0 La Motte-Tilly\"><img width=\"360\" height=\"240\" src=\"https:\/\/www.lamottetilly.fr\/wordpress\/wp-content\/uploads\/2020\/12\/Noel-2020-DSC03180-360x240.png\" class=\"img-responsive wp-post-image\" alt=\"Noel-2020-DSC03180\" loading=\"lazy\" srcset=\"https:\/\/www.lamottetilly.fr\/wordpress\/wp-content\/uploads\/2020\/12\/Noel-2020-DSC03180-360x240.png 360w, https:\/\/www.lamottetilly.fr\/wordpress\/wp-content\/uploads\/2020\/12\/Noel-2020-DSC03180-300x200.png 300w, https:\/\/www.lamottetilly.fr\/wordpress\/wp-content\/uploads\/2020\/12\/Noel-2020-DSC03180-1024x683.png 1024w, https:\/\/www.lamottetilly.fr\/wordpress\/wp-content\/uploads\/2020\/12\/Noel-2020-DSC03180-768x512.png 768w, https:\/\/www.lamottetilly.fr\/wordpress\/wp-content\/uploads\/2020\/12\/Noel-2020-DSC03180.png 1366w\" sizes=\"(max-width: 360px) 100vw, 360px\" \/><\/a><\/div><div class=\"obfx-grid-col-content\">\t\t\t<h2 class=\"entry-title obfx-grid-title\">\n\t\t\t\t\t\t\t<a href=\"https:\/\/www.lamottetilly.fr\/wordpress\/index.php\/2024\/12\/09\/noel-a-la-motte-tilly-3\/\" title=\"No\u00ebl \u00e0 La Motte-Tilly\">\n\t\t\t\t\tNo\u00ebl \u00e0 La Motte-Tilly\t\t\t\t<\/a>\n\t\t\t\t\t\t\t<\/h2>\n\t\t\t\t\t\t\t<div class=\"entry-meta obfx-grid-meta\">\n\n\t\t\t\t\t\t\t\t\t\t\t\t\t<span class=\"obfx-grid-date\">\n\t\t\t\t\t\t\t\t\t9 d\u00e9cembre 2024\t\t\t\t\t\t\t\t<\/span>\n\t\t\t\t\t\t\t\t\n\t\t\t\t<\/div>\n\t\t\t\t\t\t\t<div class=\"entry-content obfx-grid-content\">\n\t\t\t\tle dimanche 15 d\u00e9cembre 2024 entre 14h et 16h\t\t\t<\/div>\n\t\t\t<div class=\"obfx-grid-footer\"><a href=\"https:\/\/www.lamottetilly.fr\/wordpress\/index.php\/2024\/12\/09\/noel-a-la-motte-tilly-3\/\" title=\"Lire l&#039;article\">Lire l'article<\/a><\/div><\/div><\/article><\/div><div class=\"obfx-grid-wrapper\"><article class=\"obfx-grid-col\"><div class=\"obfx-grid-col-image\" ><a href=\"https:\/\/www.lamottetilly.fr\/wordpress\/index.php\/2024\/12\/09\/noel-pour-nos-aines-3\/\" title=\"No\u00ebl pour nos a\u00een\u00e9s\"><img width=\"360\" height=\"240\" src=\"https:\/\/www.lamottetilly.fr\/wordpress\/wp-content\/uploads\/2022\/11\/NoelPourNosAines2-360x240.png\" class=\"img-responsive wp-post-image\" alt=\"NoelPourNosAines2\" loading=\"lazy\" \/><\/a><\/div><div class=\"obfx-grid-col-content\">\t\t\t<h2 class=\"entry-title obfx-grid-title\">\n\t\t\t\t\t\t\t<a href=\"https:\/\/www.lamottetilly.fr\/wordpress\/index.php\/2024\/12\/09\/noel-pour-nos-aines-3\/\" title=\"No\u00ebl pour nos a\u00een\u00e9s\">\n\t\t\t\t\tNo\u00ebl pour nos a\u00een\u00e9s\t\t\t\t<\/a>\n\t\t\t\t\t\t\t<\/h2>\n\t\t\t\t\t\t\t<div class=\"entry-meta obfx-grid-meta\">\n\n\t\t\t\t\t\t\t\t\t\t\t\t\t<span class=\"obfx-grid-date\">\n\t\t\t\t\t\t\t\t\t9 d\u00e9cembre 2024\t\t\t\t\t\t\t\t<\/span>\n\t\t\t\t\t\t\t\t\n\t\t\t\t<\/div>\n\t\t\t\t\t\t\t<div class=\"entry-content obfx-grid-content\">\n\t\t\t\tSamedi 14 d\u00e9cembre 2024 entre 14h et 16h\t\t\t<\/div>\n\t\t\t<div class=\"obfx-grid-footer\"><a href=\"https:\/\/www.lamottetilly.fr\/wordpress\/index.php\/2024\/12\/09\/noel-pour-nos-aines-3\/\" title=\"Lire l&#039;article\">Lire l'article<\/a><\/div><\/div><\/article><\/div><div class=\"obfx-grid-wrapper\"><article class=\"obfx-grid-col\"><div class=\"obfx-grid-col-image\" ><a href=\"https:\/\/www.lamottetilly.fr\/wordpress\/index.php\/2024\/06\/23\/western-show-spectacle-gratuit\/\" title=\"Western SHOW &#8211; Spectacle Gratuit\"><img width=\"360\" height=\"240\" src=\"https:\/\/www.lamottetilly.fr\/wordpress\/wp-content\/uploads\/2024\/06\/WesternShow-360x240.png\" class=\"img-responsive wp-post-image\" alt=\"WesternShow\" loading=\"lazy\" \/><\/a><\/div><div class=\"obfx-grid-col-content\">\t\t\t<h2 class=\"entry-title obfx-grid-title\">\n\t\t\t\t\t\t\t<a href=\"https:\/\/www.lamottetilly.fr\/wordpress\/index.php\/2024\/06\/23\/western-show-spectacle-gratuit\/\" title=\"Western SHOW &#8211; Spectacle Gratuit\">\n\t\t\t\t\tWestern SHOW &#8211; Spectacle Gratuit\t\t\t\t<\/a>\n\t\t\t\t\t\t\t<\/h2>\n\t\t\t\t\t\t\t<div class=\"entry-meta obfx-grid-meta\">\n\n\t\t\t\t\t\t\t\t\t\t\t\t\t<span class=\"obfx-grid-date\">\n\t\t\t\t\t\t\t\t\t23 juin 2024\t\t\t\t\t\t\t\t<\/span>\n\t\t\t\t\t\t\t\t\n\t\t\t\t<\/div>\n\t\t\t\t\t\t\t<div class=\"entry-content obfx-grid-content\">\n\t\t\t\tJeudi 27 juin \u00e0 18h30 aux abords de la mairie\u2026\t\t\t<\/div>\n\t\t\t<div class=\"obfx-grid-footer\"><a href=\"https:\/\/www.lamottetilly.fr\/wordpress\/index.php\/2024\/06\/23\/western-show-spectacle-gratuit\/\" title=\"Lire l&#039;article\">Lire l'article<\/a><\/div><\/div><\/article><\/div><div class=\"obfx-grid-wrapper\"><article class=\"obfx-grid-col\"><div class=\"obfx-grid-col-image\" ><a href=\"https:\/\/www.lamottetilly.fr\/wordpress\/index.php\/2023\/12\/04\/noel-a-la-motte-tilly\/\" title=\"No\u00ebl \u00e0 La Motte-Tilly\"><img width=\"360\" height=\"240\" src=\"https:\/\/www.lamottetilly.fr\/wordpress\/wp-content\/uploads\/2021\/10\/BandeauNoel-360x240.jpg\" class=\"img-responsive wp-post-image\" alt=\"BandeauNoel\" loading=\"lazy\" \/><\/a><\/div><div class=\"obfx-grid-col-content\">\t\t\t<h2 class=\"entry-title obfx-grid-title\">\n\t\t\t\t\t\t\t<a href=\"https:\/\/www.lamottetilly.fr\/wordpress\/index.php\/2023\/12\/04\/noel-a-la-motte-tilly\/\" title=\"No\u00ebl \u00e0 La Motte-Tilly\">\n\t\t\t\t\tNo\u00ebl \u00e0 La Motte-Tilly\t\t\t\t<\/a>\n\t\t\t\t\t\t\t<\/h2>\n\t\t\t\t\t\t\t<div class=\"entry-meta obfx-grid-meta\">\n\n\t\t\t\t\t\t\t\t\t\t\t\t\t<span class=\"obfx-grid-date\">\n\t\t\t\t\t\t\t\t\t4 d\u00e9cembre 2023\t\t\t\t\t\t\t\t<\/span>\n\t\t\t\t\t\t\t\t\n\t\t\t\t<\/div>\n\t\t\t\t\t\t\t<div class=\"entry-content obfx-grid-content\">\n\t\t\t\tSalle des f\u00eates de la mairie de La Motte-Tilly, le\u2026\t\t\t<\/div>\n\t\t\t<div class=\"obfx-grid-footer\"><a href=\"https:\/\/www.lamottetilly.fr\/wordpress\/index.php\/2023\/12\/04\/noel-a-la-motte-tilly\/\" title=\"Lire l&#039;article\">Lire l'article<\/a><\/div><\/div><\/article><\/div><div class=\"obfx-grid-wrapper\"><article class=\"obfx-grid-col\"><div class=\"obfx-grid-col-image\" ><a href=\"https:\/\/www.lamottetilly.fr\/wordpress\/index.php\/2023\/12\/04\/noel-pour-nos-aines-2\/\" title=\"No\u00ebl pour nos a\u00een\u00e9s\"><img width=\"360\" height=\"240\" src=\"https:\/\/www.lamottetilly.fr\/wordpress\/wp-content\/uploads\/2022\/11\/NoelPourNosAines2-360x240.png\" class=\"img-responsive wp-post-image\" alt=\"NoelPourNosAines2\" loading=\"lazy\" \/><\/a><\/div><div class=\"obfx-grid-col-content\">\t\t\t<h2 class=\"entry-title obfx-grid-title\">\n\t\t\t\t\t\t\t<a href=\"https:\/\/www.lamottetilly.fr\/wordpress\/index.php\/2023\/12\/04\/noel-pour-nos-aines-2\/\" title=\"No\u00ebl pour nos a\u00een\u00e9s\">\n\t\t\t\t\tNo\u00ebl pour nos a\u00een\u00e9s\t\t\t\t<\/a>\n\t\t\t\t\t\t\t<\/h2>\n\t\t\t\t\t\t\t<div class=\"entry-meta obfx-grid-meta\">\n\n\t\t\t\t\t\t\t\t\t\t\t\t\t<span class=\"obfx-grid-date\">\n\t\t\t\t\t\t\t\t\t4 d\u00e9cembre 2023\t\t\t\t\t\t\t\t<\/span>\n\t\t\t\t\t\t\t\t\n\t\t\t\t<\/div>\n\t\t\t\t\t\t\t<div class=\"entry-content obfx-grid-content\">\n\t\t\t\tLes colis de nos a\u00een\u00e9s sera mis \u00e0 disposition \u00e0\u2026\t\t\t<\/div>\n\t\t\t<div class=\"obfx-grid-footer\"><a href=\"https:\/\/www.lamottetilly.fr\/wordpress\/index.php\/2023\/12\/04\/noel-pour-nos-aines-2\/\" title=\"Lire l&#039;article\">Lire l'article<\/a><\/div><\/div><\/article><\/div><div class=\"obfx-grid-wrapper\"><article class=\"obfx-grid-col\"><div class=\"obfx-grid-col-image\" ><a href=\"https:\/\/www.lamottetilly.fr\/wordpress\/index.php\/2023\/10\/05\/couscous\/\" title=\"Couscous\"><img width=\"360\" height=\"240\" src=\"https:\/\/www.lamottetilly.fr\/wordpress\/wp-content\/uploads\/2023\/10\/Couscous-360x240.png\" class=\"img-responsive wp-post-image\" alt=\"Couscous\" loading=\"lazy\" \/><\/a><\/div><div class=\"obfx-grid-col-content\">\t\t\t<h2 class=\"entry-title obfx-grid-title\">\n\t\t\t\t\t\t\t<a href=\"https:\/\/www.lamottetilly.fr\/wordpress\/index.php\/2023\/10\/05\/couscous\/\" title=\"Couscous\">\n\t\t\t\t\tCouscous\t\t\t\t<\/a>\n\t\t\t\t\t\t\t<\/h2>\n\t\t\t\t\t\t\t<div class=\"entry-meta obfx-grid-meta\">\n\n\t\t\t\t\t\t\t\t\t\t\t\t\t<span class=\"obfx-grid-date\">\n\t\t\t\t\t\t\t\t\t5 octobre 2023\t\t\t\t\t\t\t\t<\/span>\n\t\t\t\t\t\t\t\t\n\t\t\t\t<\/div>\n\t\t\t\t\t\t\t<div class=\"entry-content obfx-grid-content\">\n\t\t\t\tLe 29 octobre \u00e0 12h\t\t\t<\/div>\n\t\t\t<div class=\"obfx-grid-footer\"><a href=\"https:\/\/www.lamottetilly.fr\/wordpress\/index.php\/2023\/10\/05\/couscous\/\" title=\"Lire l&#039;article\">Lire l'article<\/a><\/div><\/div><\/article><\/div>\t\t\t\t<div class=\"obfx-grid-pagination\">\n\t\t\t\t\t\t\t\t\t\t<nav class=\"pagination\">\n\t\t\t\t\t\t<span aria-current=\"page\" class=\"page-numbers current\">1<\/span>\n<a class=\"page-numbers\" href=\"https:\/\/www.lamottetilly.fr\/wordpress\/index.php\/wp-json\/wp\/v2\/pages\/4505\/page\/2\/\">2<\/a>\n<a class=\"page-numbers\" href=\"https:\/\/www.lamottetilly.fr\/wordpress\/index.php\/wp-json\/wp\/v2\/pages\/4505\/page\/3\/\">3<\/a>\n<a class=\"next page-numbers\" href=\"https:\/\/www.lamottetilly.fr\/wordpress\/index.php\/wp-json\/wp\/v2\/pages\/4505\/page\/2\/\">Next<\/a>\t\t\t\t\t<\/nav>\n\t\t\t\t<\/div>\n\t\t\t\t<\/div><!-- .obfx-grid-container --><\/div><!-- .obfx-grid -->\t\t<\/div>\n\t\t\t\t<\/div>\n\t\t\t\t\t\t<\/div>\n\t\t\t\t\t<\/div>\n\t\t<\/div>\n\t\t\t\t\t\t\t\t<\/div>\n\t\t\t\t\t<\/div>\n\t\t<\/section>\n\t\t\t\t<section class=\"elementor-section elementor-top-section elementor-element elementor-element-b1f7850 elementor-section-boxed elementor-section-height-default elementor-section-height-default\" data-id=\"b1f7850\" data-element_type=\"section\">\n\t\t\t\t\t\t<div class=\"elementor-container elementor-column-gap-default\">\n\t\t\t\t\t\t\t<div class=\"elementor-row\">\n\t\t\t\t\t<div class=\"elementor-column elementor-col-100 elementor-top-column elementor-element elementor-element-43016d3\" data-id=\"43016d3\" data-element_type=\"column\">\n\t\t\t<div class=\"elementor-column-wrap\">\n\t\t\t\t\t\t\t<div class=\"elementor-widget-wrap\">\n\t\t\t\t\t\t\t\t<\/div>\n\t\t\t\t\t<\/div>\n\t\t<\/div>\n\t\t\t\t\t\t\t\t<\/div>\n\t\t\t\t\t<\/div>\n\t\t<\/section>\n\t\t\t\t\t\t<\/div>\n\t\t\t\t\t\t<\/div>\n\t\t\t\t\t<\/div>\n\t\t","protected":false},"excerpt":{"rendered":"<p>Le C.C.A.S. Le C.C.A.S. est constitu\u00e9 de : Olivier Doussot, membre de droit de membres du conseil municipal :Annie ChartierMyriam FlissJean KochFran\u00e7oise LhoteLuc Schrive ainsi que de membres b\u00e9n\u00e9voles :Florence Dujay, Line Guillaume, Martine Heurtevin, Claudine Lucquin, Marie-France S\u00e9guin. Le Centre Communal d&rsquo;Action Sociale est un organisme communal int\u00e9gr\u00e9 au [&hellip;]<\/p>\n","protected":false},"author":3,"featured_media":5751,"parent":0,"menu_order":0,"comment_status":"closed","ping_status":"closed","template":"page-templates\/template-fullwidth.php","meta":[],"_links":{"self":[{"href":"https:\/\/www.lamottetilly.fr\/wordpress\/index.php\/wp-json\/wp\/v2\/pages\/4505"}],"collection":[{"href":"https:\/\/www.lamottetilly.fr\/wordpress\/index.php\/wp-json\/wp\/v2\/pages"}],"about":[{"href":"https:\/\/www.lamottetilly.fr\/wordpress\/index.php\/wp-json\/wp\/v2\/types\/page"}],"author":[{"embeddable":true,"href":"https:\/\/www.lamottetilly.fr\/wordpress\/index.php\/wp-json\/wp\/v2\/users\/3"}],"replies":[{"embeddable":true,"href":"https:\/\/www.lamottetilly.fr\/wordpress\/index.php\/wp-json\/wp\/v2\/comments?post=4505"}],"version-history":[{"count":129,"href":"https:\/\/www.lamottetilly.fr\/wordpress\/index.php\/wp-json\/wp\/v2\/pages\/4505\/revisions"}],"predecessor-version":[{"id":9851,"href":"https:\/\/www.lamottetilly.fr\/wordpress\/index.php\/wp-json\/wp\/v2\/pages\/4505\/revisions\/9851"}],"wp:featuredmedia":[{"embeddable":true,"href":"https:\/\/www.lamottetilly.fr\/wordpress\/index.php\/wp-json\/wp\/v2\/media\/5751"}],"wp:attachment":[{"href":"https:\/\/www.lamottetilly.fr\/wordpress\/index.php\/wp-json\/wp\/v2\/media?parent=4505"}],"curies":[{"name":"wp","href":"https:\/\/api.w.org\/{rel}","templated":true}]}}