{"id":4303,"date":"2020-06-09T17:10:07","date_gmt":"2020-06-09T15:10:07","guid":{"rendered":"http:\/\/la-motte-tilly.lobs.pro\/wordpress\/?page_id=4303"},"modified":"2024-04-10T13:26:50","modified_gmt":"2024-04-10T11:26:50","slug":"contact","status":"publish","type":"page","link":"https:\/\/www.lamottetilly.fr\/wordpress\/index.php\/contact\/","title":{"rendered":"Contact"},"content":{"rendered":"\t\t<div data-elementor-type=\"wp-page\" data-elementor-id=\"4303\" class=\"elementor elementor-4303\" data-elementor-settings=\"[]\">\n\t\t\t\t\t\t<div class=\"elementor-inner\">\n\t\t\t\t\t\t\t<div class=\"elementor-section-wrap\">\n\t\t\t\t\t\t\t<section class=\"elementor-section elementor-top-section elementor-element elementor-element-29c9061 elementor-section-boxed elementor-section-height-default elementor-section-height-default\" data-id=\"29c9061\" data-element_type=\"section\">\n\t\t\t\t\t\t<div class=\"elementor-container elementor-column-gap-default\">\n\t\t\t\t\t\t\t<div class=\"elementor-row\">\n\t\t\t\t\t<div class=\"elementor-column elementor-col-100 elementor-top-column elementor-element elementor-element-d63abae\" data-id=\"d63abae\" data-element_type=\"column\">\n\t\t\t<div class=\"elementor-column-wrap elementor-element-populated\">\n\t\t\t\t\t\t\t<div class=\"elementor-widget-wrap\">\n\t\t\t\t\t\t<div class=\"elementor-element elementor-element-b1e89d6 elementor-widget elementor-widget-spacer\" data-id=\"b1e89d6\" data-element_type=\"widget\" data-widget_type=\"spacer.default\">\n\t\t\t\t<div class=\"elementor-widget-container\">\n\t\t\t\t\t<div class=\"elementor-spacer\">\n\t\t\t<div class=\"elementor-spacer-inner\"><\/div>\n\t\t<\/div>\n\t\t\t\t<\/div>\n\t\t\t\t<\/div>\n\t\t\t\t<div class=\"elementor-element elementor-element-5d8e39e animated-slow elementor-invisible elementor-widget elementor-widget-heading\" data-id=\"5d8e39e\" data-element_type=\"widget\" data-settings=\"{&quot;_animation&quot;:&quot;fadeInDown&quot;}\" data-widget_type=\"heading.default\">\n\t\t\t\t<div class=\"elementor-widget-container\">\n\t\t\t<h2 class=\"elementor-heading-title elementor-size-default\">Pour nous contacter<\/h2>\t\t<\/div>\n\t\t\t\t<\/div>\n\t\t\t\t\t\t<\/div>\n\t\t\t\t\t<\/div>\n\t\t<\/div>\n\t\t\t\t\t\t\t\t<\/div>\n\t\t\t\t\t<\/div>\n\t\t<\/section>\n\t\t\t\t<section class=\"elementor-section elementor-top-section elementor-element elementor-element-1b0780af elementor-section-boxed elementor-section-height-default elementor-section-height-default\" data-id=\"1b0780af\" data-element_type=\"section\">\n\t\t\t\t\t\t<div class=\"elementor-container elementor-column-gap-default\">\n\t\t\t\t\t\t\t<div class=\"elementor-row\">\n\t\t\t\t\t<div class=\"elementor-column elementor-col-100 elementor-top-column elementor-element elementor-element-274b2b2\" data-id=\"274b2b2\" data-element_type=\"column\">\n\t\t\t<div class=\"elementor-column-wrap elementor-element-populated\">\n\t\t\t\t\t\t\t<div class=\"elementor-widget-wrap\">\n\t\t\t\t\t\t<div class=\"elementor-element elementor-element-59abd9d9 elementor-widget elementor-widget-text-editor\" data-id=\"59abd9d9\" data-element_type=\"widget\" data-widget_type=\"text-editor.default\">\n\t\t\t\t<div class=\"elementor-widget-container\">\n\t\t\t\t\t\t\t\t<div class=\"elementor-text-editor elementor-clearfix\">\n\t\t\t\t<!-- wp:heading {\"level\":6} -->\n<h6><\/h6>\n<!-- \/wp:heading -->\n\n<!-- wp:paragraph -->\n<p><\/p>\n<!-- \/wp:paragraph -->\n\n<!-- wp:wpforms\/form-selector {\"formId\":\"9\"} \/-->\t\t\t\t\t<\/div>\n\t\t\t\t\t\t<\/div>\n\t\t\t\t<\/div>\n\t\t\t\t<section class=\"elementor-section elementor-inner-section elementor-element elementor-element-cc95bdf elementor-section-boxed elementor-section-height-default elementor-section-height-default\" data-id=\"cc95bdf\" data-element_type=\"section\">\n\t\t\t\t\t\t<div class=\"elementor-container elementor-column-gap-default\">\n\t\t\t\t\t\t\t<div class=\"elementor-row\">\n\t\t\t\t\t<div class=\"elementor-column elementor-col-50 elementor-inner-column elementor-element elementor-element-c860e3b\" data-id=\"c860e3b\" data-element_type=\"column\">\n\t\t\t<div class=\"elementor-column-wrap elementor-element-populated\">\n\t\t\t\t\t\t\t<div class=\"elementor-widget-wrap\">\n\t\t\t\t\t\t<div class=\"elementor-element elementor-element-668fc62 elementor-widget elementor-widget-image\" data-id=\"668fc62\" data-element_type=\"widget\" data-widget_type=\"image.default\">\n\t\t\t\t<div class=\"elementor-widget-container\">\n\t\t\t\t\t\t\t\t<div class=\"elementor-image\">\n\t\t\t\t\t\t\t\t\t<figure class=\"wp-caption\">\n\t\t\t\t\t\t\t\t\t\t\t<a href=\"http:\/\/la-motte-tilly.lobs.pro\/wordpress\/wp-content\/uploads\/2020\/08\/Web-LMT-BureauMairie-DSC02065.jpg\" data-elementor-open-lightbox=\"yes\" data-elementor-lightbox-title=\"Web-LMT-BureauMairie-DSC02065\">\n\t\t\t\t\t\t\t<img width=\"750\" height=\"500\" src=\"https:\/\/www.lamottetilly.fr\/wordpress\/wp-content\/uploads\/2020\/08\/Web-LMT-BureauMairie-DSC02065.jpg\" class=\"attachment-large size-large\" alt=\"\" loading=\"lazy\" srcset=\"https:\/\/www.lamottetilly.fr\/wordpress\/wp-content\/uploads\/2020\/08\/Web-LMT-BureauMairie-DSC02065.jpg 1000w, https:\/\/www.lamottetilly.fr\/wordpress\/wp-content\/uploads\/2020\/08\/Web-LMT-BureauMairie-DSC02065-300x200.jpg 300w, https:\/\/www.lamottetilly.fr\/wordpress\/wp-content\/uploads\/2020\/08\/Web-LMT-BureauMairie-DSC02065-768x512.jpg 768w, https:\/\/www.lamottetilly.fr\/wordpress\/wp-content\/uploads\/2020\/08\/Web-LMT-BureauMairie-DSC02065-360x240.jpg 360w\" sizes=\"(max-width: 750px) 100vw, 750px\" \/>\t\t\t\t\t\t\t\t<\/a>\n\t\t\t\t\t\t\t\t\t\t\t<figcaption class=\"widget-image-caption wp-caption-text\">Bureau d'accueil de la mairie<\/figcaption>\n\t\t\t\t\t\t\t\t\t\t<\/figure>\n\t\t\t\t\t\t\t\t<\/div>\n\t\t\t\t\t\t<\/div>\n\t\t\t\t<\/div>\n\t\t\t\t\t\t<\/div>\n\t\t\t\t\t<\/div>\n\t\t<\/div>\n\t\t\t\t<div class=\"elementor-column elementor-col-50 elementor-inner-column elementor-element elementor-element-fe75460\" data-id=\"fe75460\" data-element_type=\"column\">\n\t\t\t<div class=\"elementor-column-wrap elementor-element-populated\">\n\t\t\t\t\t\t\t<div class=\"elementor-widget-wrap\">\n\t\t\t\t\t\t<div class=\"elementor-element elementor-element-48c136f elementor-tabs-view-vertical elementor-widget elementor-widget-tabs\" data-id=\"48c136f\" data-element_type=\"widget\" data-widget_type=\"tabs.default\">\n\t\t\t\t<div class=\"elementor-widget-container\">\n\t\t\t\t\t<div class=\"elementor-tabs\">\n\t\t\t<div class=\"elementor-tabs-wrapper\" role=\"tablist\" >\n\t\t\t\t\t\t\t\t\t<div id=\"elementor-tab-title-7621\" class=\"elementor-tab-title elementor-tab-desktop-title\" aria-selected=\"true\" data-tab=\"1\" role=\"tab\" tabindex=\"0\" aria-controls=\"elementor-tab-content-7621\" aria-expanded=\"false\"><a href=\"\">En vous d\u00e9pla\u00e7ant<\/a><\/div>\n\t\t\t\t\t\t\t\t\t<div id=\"elementor-tab-title-7622\" class=\"elementor-tab-title elementor-tab-desktop-title\" aria-selected=\"false\" data-tab=\"2\" role=\"tab\" tabindex=\"-1\" aria-controls=\"elementor-tab-content-7622\" aria-expanded=\"false\"><a href=\"\">Par courrier<\/a><\/div>\n\t\t\t\t\t\t\t\t\t<div id=\"elementor-tab-title-7623\" class=\"elementor-tab-title elementor-tab-desktop-title\" aria-selected=\"false\" data-tab=\"3\" role=\"tab\" tabindex=\"-1\" aria-controls=\"elementor-tab-content-7623\" aria-expanded=\"false\"><a href=\"\">Par message<\/a><\/div>\n\t\t\t\t\t\t\t\t\t<div id=\"elementor-tab-title-7624\" class=\"elementor-tab-title elementor-tab-desktop-title\" aria-selected=\"false\" data-tab=\"4\" role=\"tab\" tabindex=\"-1\" aria-controls=\"elementor-tab-content-7624\" aria-expanded=\"false\"><a href=\"\">Par t\u00e9l\u00e9phone<\/a><\/div>\n\t\t\t\t\t\t\t\t\t<div id=\"elementor-tab-title-7625\" class=\"elementor-tab-title elementor-tab-desktop-title\" aria-selected=\"false\" data-tab=\"5\" role=\"tab\" tabindex=\"-1\" aria-controls=\"elementor-tab-content-7625\" aria-expanded=\"false\"><a href=\"\">Newsletter<\/a><\/div>\n\t\t\t\t\t\t\t<\/div>\n\t\t\t<div class=\"elementor-tabs-content-wrapper\" role=\"tablist\" aria-orientation=\"vertical\">\n\t\t\t\t\t\t\t\t\t<div class=\"elementor-tab-title elementor-tab-mobile-title\" aria-selected=\"true\" data-tab=\"1\" role=\"tab\" tabindex=\"0\" aria-controls=\"elementor-tab-content-7621\" aria-expanded=\"false\">En vous d\u00e9pla\u00e7ant<\/div>\n\t\t\t\t\t<div id=\"elementor-tab-content-7621\" class=\"elementor-tab-content elementor-clearfix\" data-tab=\"1\" role=\"tabpanel\" aria-labelledby=\"elementor-tab-title-7621\" tabindex=\"0\" hidden=\"false\"><div class=\"description\">\n<h4 class=\"info-title\" style=\"font-size: 18px; text-align: left; padding-left: 40px;\"><span style=\"color: #9eb712;\">Secr\u00e9tariat ouvert au public<br \/><\/span><span style=\"color: #808080;\">\u2022 le vendredi de 14h \u00e0 18h<\/span><br \/><span style=\"color: #808080;\">\u2022 Le dernier samedi du mois de 8h \u00e0 12h<\/span><\/h4>\n<p style=\"color: #cccccc; text-align: left; padding-left: 40px;\"><strong><span style=\"color: #9eb712;\">2, rue de la mairie<\/span><\/strong><strong><span style=\"color: #9eb712;\"><br \/>10400, La Motte-Tilly<\/span><\/strong><\/p>\n<\/div><\/div>\n\t\t\t\t\t\t\t\t\t<div class=\"elementor-tab-title elementor-tab-mobile-title\" aria-selected=\"false\" data-tab=\"2\" role=\"tab\" tabindex=\"-1\" aria-controls=\"elementor-tab-content-7622\" aria-expanded=\"false\">Par courrier<\/div>\n\t\t\t\t\t<div id=\"elementor-tab-content-7622\" class=\"elementor-tab-content elementor-clearfix\" data-tab=\"2\" role=\"tabpanel\" aria-labelledby=\"elementor-tab-title-7622\" tabindex=\"0\" hidden=\"hidden\"><div class=\"description\">\n<h4 class=\"info-title\" style=\"font-size: 18px; text-align: left; padding-left: 80px;\"><span style=\"color: #808080;\">courrier \u00e0 adresser \u00e0 :<\/span><\/h4>\n<h4 class=\"info-title\" style=\"font-size: 18px; text-align: left; padding-left: 80px;\"><span style=\"color: #9eb712;\">M. le Maire<br \/><\/span><\/h4>\n<p style=\"color: #cccccc; text-align: left; padding-left: 80px;\"><span style=\"color: #808080;\"><strong>2, rue de la mairie<\/strong><\/span><\/p>\n<p style=\"color: #cccccc; text-align: left; padding-left: 80px;\"><span style=\"color: #808080;\"><strong>10400 &#8211; La Motte-Tilly<\/strong><\/span><\/p>\n<\/div><\/div>\n\t\t\t\t\t\t\t\t\t<div class=\"elementor-tab-title elementor-tab-mobile-title\" aria-selected=\"false\" data-tab=\"3\" role=\"tab\" tabindex=\"-1\" aria-controls=\"elementor-tab-content-7623\" aria-expanded=\"false\">Par message<\/div>\n\t\t\t\t\t<div id=\"elementor-tab-content-7623\" class=\"elementor-tab-content elementor-clearfix\" data-tab=\"3\" role=\"tabpanel\" aria-labelledby=\"elementor-tab-title-7623\" tabindex=\"0\" hidden=\"hidden\"><p><strong><span style=\"color: #000000;\"><a href=\"mailto:mairielamottetilly@gmail.com\" style=\"color: #000000;\">mairielamottetilly@gmail.com<\/a><\/span><\/strong><\/p><\/div>\n\t\t\t\t\t\t\t\t\t<div class=\"elementor-tab-title elementor-tab-mobile-title\" aria-selected=\"false\" data-tab=\"4\" role=\"tab\" tabindex=\"-1\" aria-controls=\"elementor-tab-content-7624\" aria-expanded=\"false\">Par t\u00e9l\u00e9phone<\/div>\n\t\t\t\t\t<div id=\"elementor-tab-content-7624\" class=\"elementor-tab-content elementor-clearfix\" data-tab=\"4\" role=\"tabpanel\" aria-labelledby=\"elementor-tab-title-7624\" tabindex=\"0\" hidden=\"hidden\"><p><strong><span style=\"color: #808080;\">T\u00e9l \/ <\/span><span style=\"color: #9eb712;\">03 25 39 74 86<\/span><\/strong><\/p>\n<ul>\n<li><span style=\"color: #808080;\"><strong>le mardi de 14h \u00e0 18h<\/strong><\/span><\/li>\n<li><span style=\"color: #808080;\"><strong>le vendredi de 08h \u00e0 12h et de 14h \u00e0 18h<\/strong><\/span><\/li>\n<li><span style=\"color: #808080;\"><strong>le dernier samedi de chaque mois de 8h \u00e0 12h<\/strong><\/span><\/li>\n<\/ul><\/div>\n\t\t\t\t\t\t\t\t\t<div class=\"elementor-tab-title elementor-tab-mobile-title\" aria-selected=\"false\" data-tab=\"5\" role=\"tab\" tabindex=\"-1\" aria-controls=\"elementor-tab-content-7625\" aria-expanded=\"false\">Newsletter<\/div>\n\t\t\t\t\t<div id=\"elementor-tab-content-7625\" class=\"elementor-tab-content elementor-clearfix\" data-tab=\"5\" role=\"tabpanel\" aria-labelledby=\"elementor-tab-title-7625\" tabindex=\"0\" hidden=\"hidden\"><p style=\"text-align: left;\"><strong><span style=\"color: #9eb712;\">Notre Newsletter<\/span><\/strong><\/p>\n<p style=\"text-align: left;\">Inscrivez vous pour recevoir la lettre d&rsquo;information de la mairie via le lien suivant :<\/p>\n<p style=\"text-align: left;\"><a href=\"http:\/\/la-motte-tilly.lobs.pro\/wordpress\/index.php\/formulaire-newsletter\/\">Formulaire d&rsquo;inscription \u00e0 la lettre d&rsquo;information<\/a><\/p>\n<p><\/p><\/div>\n\t\t\t\t\t\t\t<\/div>\n\t\t<\/div>\n\t\t\t\t<\/div>\n\t\t\t\t<\/div>\n\t\t\t\t\t\t<\/div>\n\t\t\t\t\t<\/div>\n\t\t<\/div>\n\t\t\t\t\t\t\t\t<\/div>\n\t\t\t\t\t<\/div>\n\t\t<\/section>\n\t\t\t\t<section class=\"elementor-section elementor-inner-section elementor-element elementor-element-a109d8e elementor-section-boxed elementor-section-height-default elementor-section-height-default\" data-id=\"a109d8e\" data-element_type=\"section\">\n\t\t\t\t\t\t<div class=\"elementor-container elementor-column-gap-default\">\n\t\t\t\t\t\t\t<div class=\"elementor-row\">\n\t\t\t\t\t<div class=\"elementor-column elementor-col-100 elementor-inner-column elementor-element elementor-element-d1744fa\" data-id=\"d1744fa\" data-element_type=\"column\">\n\t\t\t<div class=\"elementor-column-wrap\">\n\t\t\t\t\t\t\t<div class=\"elementor-widget-wrap\">\n\t\t\t\t\t\t\t\t<\/div>\n\t\t\t\t\t<\/div>\n\t\t<\/div>\n\t\t\t\t\t\t\t\t<\/div>\n\t\t\t\t\t<\/div>\n\t\t<\/section>\n\t\t\t\t<section class=\"elementor-section elementor-inner-section elementor-element elementor-element-7ff9453 elementor-section-boxed elementor-section-height-default elementor-section-height-default\" data-id=\"7ff9453\" data-element_type=\"section\">\n\t\t\t\t\t\t<div class=\"elementor-container elementor-column-gap-default\">\n\t\t\t\t\t\t\t<div class=\"elementor-row\">\n\t\t\t\t\t<div class=\"elementor-column elementor-col-100 elementor-inner-column elementor-element elementor-element-735ae6d\" data-id=\"735ae6d\" data-element_type=\"column\">\n\t\t\t<div class=\"elementor-column-wrap elementor-element-populated\">\n\t\t\t\t\t\t\t<div class=\"elementor-widget-wrap\">\n\t\t\t\t\t\t<div class=\"elementor-element elementor-element-f9536d6 elementor-widget elementor-widget-google_maps\" data-id=\"f9536d6\" data-element_type=\"widget\" data-widget_type=\"google_maps.default\">\n\t\t\t\t<div class=\"elementor-widget-container\">\n\t\t\t\t\t<div class=\"elementor-custom-embed\">\n\t\t\t<iframe frameborder=\"0\" scrolling=\"no\" marginheight=\"0\" marginwidth=\"0\"\n\t\t\t\t\tsrc=\"https:\/\/maps.google.com\/maps?q=La%20motte-Tilly&#038;t=m&#038;z=14&#038;output=embed&#038;iwloc=near\"\n\t\t\t\t\ttitle=\"La motte-Tilly\"\n\t\t\t\t\taria-label=\"La motte-Tilly\"\n\t\t\t><\/iframe>\n\t\t<\/div>\n\t\t\t\t<\/div>\n\t\t\t\t<\/div>\n\t\t\t\t\t\t<\/div>\n\t\t\t\t\t<\/div>\n\t\t<\/div>\n\t\t\t\t\t\t\t\t<\/div>\n\t\t\t\t\t<\/div>\n\t\t<\/section>\n\t\t\t\t\t\t<\/div>\n\t\t\t\t\t<\/div>\n\t\t<\/div>\n\t\t\t\t\t\t\t\t<\/div>\n\t\t\t\t\t<\/div>\n\t\t<\/section>\n\t\t\t\t<section class=\"elementor-section elementor-top-section elementor-element elementor-element-56baf86 elementor-section-boxed elementor-section-height-default elementor-section-height-default\" data-id=\"56baf86\" data-element_type=\"section\">\n\t\t\t\t\t\t<div class=\"elementor-container elementor-column-gap-default\">\n\t\t\t\t\t\t\t<div class=\"elementor-row\">\n\t\t\t\t\t<div class=\"elementor-column elementor-col-100 elementor-top-column elementor-element elementor-element-ce7f5da\" data-id=\"ce7f5da\" data-element_type=\"column\">\n\t\t\t<div class=\"elementor-column-wrap elementor-element-populated\">\n\t\t\t\t\t\t\t<div class=\"elementor-widget-wrap\">\n\t\t\t\t\t\t<div class=\"elementor-element elementor-element-4ea4ff5 elementor-widget elementor-widget-spacer\" data-id=\"4ea4ff5\" data-element_type=\"widget\" data-widget_type=\"spacer.default\">\n\t\t\t\t<div class=\"elementor-widget-container\">\n\t\t\t\t\t<div class=\"elementor-spacer\">\n\t\t\t<div class=\"elementor-spacer-inner\"><\/div>\n\t\t<\/div>\n\t\t\t\t<\/div>\n\t\t\t\t<\/div>\n\t\t\t\t<div class=\"elementor-element elementor-element-c90a3de elementor-button-info elementor-align-center elementor-widget elementor-widget-button\" data-id=\"c90a3de\" data-element_type=\"widget\" data-widget_type=\"button.default\">\n\t\t\t\t<div class=\"elementor-widget-container\">\n\t\t\t\t\t<div class=\"elementor-button-wrapper\">\n\t\t\t<a href=\"http:\/\/la-motte-tilly.lobs.pro\/wordpress\/index.php\/politique-de-confidentialite\/\" target=\"_blank\" class=\"elementor-button-link elementor-button elementor-size-xs\" role=\"button\">\n\t\t\t\t\t\t<span class=\"elementor-button-content-wrapper\">\n\t\t\t\t\t\t<span class=\"elementor-button-text\">mentions l\u00e9gales<\/span>\n\t\t<\/span>\n\t\t\t\t\t<\/a>\n\t\t<\/div>\n\t\t\t\t<\/div>\n\t\t\t\t<\/div>\n\t\t\t\t<div class=\"elementor-element elementor-element-cd5a9ea elementor-widget elementor-widget-spacer\" data-id=\"cd5a9ea\" data-element_type=\"widget\" data-widget_type=\"spacer.default\">\n\t\t\t\t<div class=\"elementor-widget-container\">\n\t\t\t\t\t<div class=\"elementor-spacer\">\n\t\t\t<div class=\"elementor-spacer-inner\"><\/div>\n\t\t<\/div>\n\t\t\t\t<\/div>\n\t\t\t\t<\/div>\n\t\t\t\t\t\t<\/div>\n\t\t\t\t\t<\/div>\n\t\t<\/div>\n\t\t\t\t\t\t\t\t<\/div>\n\t\t\t\t\t<\/div>\n\t\t<\/section>\n\t\t\t\t\t\t<\/div>\n\t\t\t\t\t\t<\/div>\n\t\t\t\t\t<\/div>\n\t\t","protected":false},"excerpt":{"rendered":"<p>Pour nous contacter Bureau d&rsquo;accueil de la mairie En vous d\u00e9pla\u00e7ant Par courrier Par message Par t\u00e9l\u00e9phone Newsletter En vous d\u00e9pla\u00e7ant Secr\u00e9tariat ouvert au public\u2022 le vendredi de 14h \u00e0 18h\u2022 Le dernier samedi du mois de 8h \u00e0 12h 2, rue de la mairie10400, La Motte-Tilly Par courrier courrier [&hellip;]<\/p>\n","protected":false},"author":3,"featured_media":6055,"parent":0,"menu_order":0,"comment_status":"closed","ping_status":"closed","template":"page-templates\/template-fullwidth.php","meta":[],"_links":{"self":[{"href":"https:\/\/www.lamottetilly.fr\/wordpress\/index.php\/wp-json\/wp\/v2\/pages\/4303"}],"collection":[{"href":"https:\/\/www.lamottetilly.fr\/wordpress\/index.php\/wp-json\/wp\/v2\/pages"}],"about":[{"href":"https:\/\/www.lamottetilly.fr\/wordpress\/index.php\/wp-json\/wp\/v2\/types\/page"}],"author":[{"embeddable":true,"href":"https:\/\/www.lamottetilly.fr\/wordpress\/index.php\/wp-json\/wp\/v2\/users\/3"}],"replies":[{"embeddable":true,"href":"https:\/\/www.lamottetilly.fr\/wordpress\/index.php\/wp-json\/wp\/v2\/comments?post=4303"}],"version-history":[{"count":128,"href":"https:\/\/www.lamottetilly.fr\/wordpress\/index.php\/wp-json\/wp\/v2\/pages\/4303\/revisions"}],"predecessor-version":[{"id":13611,"href":"https:\/\/www.lamottetilly.fr\/wordpress\/index.php\/wp-json\/wp\/v2\/pages\/4303\/revisions\/13611"}],"wp:featuredmedia":[{"embeddable":true,"href":"https:\/\/www.lamottetilly.fr\/wordpress\/index.php\/wp-json\/wp\/v2\/media\/6055"}],"wp:attachment":[{"href":"https:\/\/www.lamottetilly.fr\/wordpress\/index.php\/wp-json\/wp\/v2\/media?parent=4303"}],"curies":[{"name":"wp","href":"https:\/\/api.w.org\/{rel}","templated":true}]}}