{"id":12522,"date":"2023-07-18T10:20:15","date_gmt":"2023-07-18T08:20:15","guid":{"rendered":"https:\/\/www.lamottetilly.fr\/wordpress\/?page_id=12522"},"modified":"2023-07-18T12:02:20","modified_gmt":"2023-07-18T10:02:20","slug":"regles-de-bon-voisinage","status":"publish","type":"page","link":"https:\/\/www.lamottetilly.fr\/wordpress\/index.php\/regles-de-bon-voisinage\/","title":{"rendered":"R\u00e8gles de bon voisinage"},"content":{"rendered":"\t\t<div data-elementor-type=\"wp-page\" data-elementor-id=\"12522\" class=\"elementor elementor-12522\" data-elementor-settings=\"[]\">\n\t\t\t\t\t\t<div class=\"elementor-inner\">\n\t\t\t\t\t\t\t<div class=\"elementor-section-wrap\">\n\t\t\t\t\t\t\t<section class=\"elementor-section elementor-top-section elementor-element elementor-element-9d97a64 elementor-section-boxed elementor-section-height-default elementor-section-height-default\" data-id=\"9d97a64\" data-element_type=\"section\">\n\t\t\t\t\t\t<div class=\"elementor-container elementor-column-gap-default\">\n\t\t\t\t\t\t\t<div class=\"elementor-row\">\n\t\t\t\t\t<div class=\"elementor-column elementor-col-100 elementor-top-column elementor-element elementor-element-bb7ca94\" data-id=\"bb7ca94\" data-element_type=\"column\">\n\t\t\t<div class=\"elementor-column-wrap elementor-element-populated\">\n\t\t\t\t\t\t\t<div class=\"elementor-widget-wrap\">\n\t\t\t\t\t\t<div class=\"elementor-element elementor-element-fdaf39d elementor-widget elementor-widget-spacer\" data-id=\"fdaf39d\" data-element_type=\"widget\" data-widget_type=\"spacer.default\">\n\t\t\t\t<div class=\"elementor-widget-container\">\n\t\t\t\t\t<div class=\"elementor-spacer\">\n\t\t\t<div class=\"elementor-spacer-inner\"><\/div>\n\t\t<\/div>\n\t\t\t\t<\/div>\n\t\t\t\t<\/div>\n\t\t\t\t<div class=\"elementor-element elementor-element-96d0a1a elementor-invisible elementor-widget elementor-widget-heading\" data-id=\"96d0a1a\" data-element_type=\"widget\" data-settings=\"{&quot;_animation&quot;:&quot;fadeInDown&quot;}\" data-widget_type=\"heading.default\">\n\t\t\t\t<div class=\"elementor-widget-container\">\n\t\t\t<h2 class=\"elementor-heading-title elementor-size-default\">Bien vivre ensemble<\/h2>\t\t<\/div>\n\t\t\t\t<\/div>\n\t\t\t\t\t\t<\/div>\n\t\t\t\t\t<\/div>\n\t\t<\/div>\n\t\t\t\t\t\t\t\t<\/div>\n\t\t\t\t\t<\/div>\n\t\t<\/section>\n\t\t\t\t<section class=\"elementor-section elementor-top-section elementor-element elementor-element-19d4bb2 elementor-section-boxed elementor-section-height-default elementor-section-height-default\" data-id=\"19d4bb2\" data-element_type=\"section\">\n\t\t\t\t\t\t<div class=\"elementor-container elementor-column-gap-default\">\n\t\t\t\t\t\t\t<div class=\"elementor-row\">\n\t\t\t\t\t<div class=\"elementor-column elementor-col-100 elementor-top-column elementor-element elementor-element-e67bfc5\" data-id=\"e67bfc5\" data-element_type=\"column\">\n\t\t\t<div class=\"elementor-column-wrap elementor-element-populated\">\n\t\t\t\t\t\t\t<div class=\"elementor-widget-wrap\">\n\t\t\t\t\t\t<section class=\"elementor-section elementor-inner-section elementor-element elementor-element-24e3be5 elementor-section-boxed elementor-section-height-default elementor-section-height-default\" data-id=\"24e3be5\" data-element_type=\"section\">\n\t\t\t\t\t\t<div class=\"elementor-container elementor-column-gap-default\">\n\t\t\t\t\t\t\t<div class=\"elementor-row\">\n\t\t\t\t\t<div class=\"elementor-column elementor-col-33 elementor-inner-column elementor-element elementor-element-6abcb5e\" data-id=\"6abcb5e\" data-element_type=\"column\">\n\t\t\t<div class=\"elementor-column-wrap elementor-element-populated\">\n\t\t\t\t\t\t\t<div class=\"elementor-widget-wrap\">\n\t\t\t\t\t\t<div class=\"elementor-element elementor-element-ec379d1 elementor-widget elementor-widget-image\" data-id=\"ec379d1\" data-element_type=\"widget\" data-widget_type=\"image.default\">\n\t\t\t\t<div class=\"elementor-widget-container\">\n\t\t\t\t\t\t\t\t<div class=\"elementor-image\">\n\t\t\t\t\t\t\t\t\t\t\t\t<img width=\"750\" height=\"484\" src=\"https:\/\/www.lamottetilly.fr\/wordpress\/wp-content\/uploads\/2020\/08\/Web-LMT-Dossiers-DSC02072.jpg\" class=\"attachment-large size-large\" alt=\"\" loading=\"lazy\" srcset=\"https:\/\/www.lamottetilly.fr\/wordpress\/wp-content\/uploads\/2020\/08\/Web-LMT-Dossiers-DSC02072.jpg 1000w, https:\/\/www.lamottetilly.fr\/wordpress\/wp-content\/uploads\/2020\/08\/Web-LMT-Dossiers-DSC02072-300x194.jpg 300w, https:\/\/www.lamottetilly.fr\/wordpress\/wp-content\/uploads\/2020\/08\/Web-LMT-Dossiers-DSC02072-768x495.jpg 768w\" sizes=\"(max-width: 750px) 100vw, 750px\" \/>\t\t\t\t\t\t\t\t\t\t\t\t\t\t<\/div>\n\t\t\t\t\t\t<\/div>\n\t\t\t\t<\/div>\n\t\t\t\t\t\t<\/div>\n\t\t\t\t\t<\/div>\n\t\t<\/div>\n\t\t\t\t<div class=\"elementor-column elementor-col-33 elementor-inner-column elementor-element elementor-element-75a80b8\" data-id=\"75a80b8\" data-element_type=\"column\">\n\t\t\t<div class=\"elementor-column-wrap\">\n\t\t\t\t\t\t\t<div class=\"elementor-widget-wrap\">\n\t\t\t\t\t\t\t\t<\/div>\n\t\t\t\t\t<\/div>\n\t\t<\/div>\n\t\t\t\t<div class=\"elementor-column elementor-col-33 elementor-inner-column elementor-element elementor-element-009ad75\" data-id=\"009ad75\" data-element_type=\"column\">\n\t\t\t<div class=\"elementor-column-wrap elementor-element-populated\">\n\t\t\t\t\t\t\t<div class=\"elementor-widget-wrap\">\n\t\t\t\t\t\t<div class=\"elementor-element elementor-element-c1a34e8 elementor-widget elementor-widget-text-editor\" data-id=\"c1a34e8\" data-element_type=\"widget\" data-widget_type=\"text-editor.default\">\n\t\t\t\t<div class=\"elementor-widget-container\">\n\t\t\t\t\t\t\t\t<div class=\"elementor-text-editor elementor-clearfix\">\n\t\t\t\t<p><!-- wp:paragraph --><\/p><p><span style=\"color: #333333;\">Articles 10, 11, 12, 13 de la section 5 (bruit dans les propri\u00e9t\u00e9s priv\u00e9s) de l&rsquo;arr\u00eat\u00e9 N\u00b0 08-2432 du 22 juillet 2008.<\/span><\/p><p><a href=\"https:\/\/www.lamottetilly.fr\/wordpress\/wp-content\/uploads\/2023\/07\/Arre\u0302te\u0301pre\u0301fectoralconcernantlebruit-Aube.pdf\" target=\"_blank\" rel=\"noopener\"><strong>L&rsquo;arr\u00eat\u00e9 pr\u00e9fectoral complet est t\u00e9l\u00e9chargeable en cliquant ICI !<\/strong><span style=\"color: #333333;\"><br \/><\/span><\/a><\/p><p><!-- \/wp:paragraph --><\/p><p><!-- wp:list --><\/p><p><!-- \/wp:list --><\/p><p><!-- wp:paragraph --><\/p><p><!-- \/wp:paragraph --><\/p>\t\t\t\t\t<\/div>\n\t\t\t\t\t\t<\/div>\n\t\t\t\t<\/div>\n\t\t\t\t<div class=\"elementor-element elementor-element-3865d1f elementor-widget elementor-widget-text-editor\" data-id=\"3865d1f\" data-element_type=\"widget\" data-widget_type=\"text-editor.default\">\n\t\t\t\t<div class=\"elementor-widget-container\">\n\t\t\t\t\t\t\t\t<div class=\"elementor-text-editor elementor-clearfix\">\n\t\t\t\t<p><!-- wp:paragraph --><\/p><p><span style=\"text-decoration: underline;\"><strong>Article 10<\/strong><\/span><span style=\"color: #333333;\"><br \/><\/span><span style=\"color: #333333;\">Les occupants et utilisateurs de locaux priv\u00e9s, d&rsquo;immeubles d&rsquo;habitation, de leur d\u00e9pendances et de leurs abords doivent prendre toutes mesures afin que les travaux de bricolage ou de jardinage r\u00e9alis\u00e9s \u00e0 l&rsquo;aide d&rsquo;outils ou d&rsquo;appareils bruyants, telles que tondeuse \u00e0 gazon \u00e0 moteur thermique, tron\u00e7onneuse, b\u00e9tonni\u00e8re, perceuse (liste non limitative) ne soient pas cause de g\u00eane au voisinage.<br \/><\/span><\/p><p><span style=\"color: #333333;\">\u00c0\u00a0 cet effet, ces travaux ne sont autoris\u00e9s qu&rsquo;aux horaires suivants :<\/span><\/p><ul><li><strong>les jours ouvrables : de 8h30 \u00e0 12H et de 13h30 \u00e0 19h30<\/strong><\/li><li><strong>les samedis : de 9h \u00e0 12h et de 15h \u00e0 19h<\/strong><\/li><\/ul><p><!-- \/wp:paragraph --><\/p><p><!-- wp:list --><\/p><p><!-- \/wp:list --><\/p><p><!-- wp:paragraph --><\/p><p><!-- \/wp:paragraph --><\/p>\t\t\t\t\t<\/div>\n\t\t\t\t\t\t<\/div>\n\t\t\t\t<\/div>\n\t\t\t\t<div class=\"elementor-element elementor-element-14ea409 elementor-widget elementor-widget-text-editor\" data-id=\"14ea409\" data-element_type=\"widget\" data-widget_type=\"text-editor.default\">\n\t\t\t\t<div class=\"elementor-widget-container\">\n\t\t\t\t\t\t\t\t<div class=\"elementor-text-editor elementor-clearfix\">\n\t\t\t\t<p><span style=\"text-decoration: underline;\"><strong>Article 11<br \/><\/strong><\/span><span style=\"color: #333333;\">Les propri\u00e9taires ou possesseurs de piscine sont tenus de prendre toutes mesures afin que les installations <\/span><span style=\"color: #333333;\">techniques ainsi que le comportement des utilisateurs ne soient source de g\u00eane pour voisinage.<\/span><\/p>\t\t\t\t\t<\/div>\n\t\t\t\t\t\t<\/div>\n\t\t\t\t<\/div>\n\t\t\t\t<div class=\"elementor-element elementor-element-ea599e1 elementor-widget elementor-widget-text-editor\" data-id=\"ea599e1\" data-element_type=\"widget\" data-widget_type=\"text-editor.default\">\n\t\t\t\t<div class=\"elementor-widget-container\">\n\t\t\t\t\t\t\t\t<div class=\"elementor-text-editor elementor-clearfix\">\n\t\t\t\t<p><span style=\"text-decoration: underline;\"><strong>Article 12<\/strong><\/span><br \/><span style=\"color: #333333;\">Les propri\u00e9taires et possesseurs d&rsquo;animaux, en particulier de chiens, y compris en chenil, sont tenus de <\/span><span style=\"color: #333333;\">prendre toutes mesures propres \u00e0 \u00e9viter une g\u00eane pour le voisinage, y compris par l&rsquo;usage de tout <\/span><span style=\"color: #333333;\">dispositif dissuadant les animaux de faire du bruit de mani\u00e8re r\u00e9p\u00e9t\u00e9e et intempestive.<\/span><\/p>\t\t\t\t\t<\/div>\n\t\t\t\t\t\t<\/div>\n\t\t\t\t<\/div>\n\t\t\t\t<div class=\"elementor-element elementor-element-2daed16 elementor-widget elementor-widget-text-editor\" data-id=\"2daed16\" data-element_type=\"widget\" data-widget_type=\"text-editor.default\">\n\t\t\t\t<div class=\"elementor-widget-container\">\n\t\t\t\t\t\t\t\t<div class=\"elementor-text-editor elementor-clearfix\">\n\t\t\t\t<p><span style=\"text-decoration: underline;\"><strong>Article 13<\/strong><\/span><br \/><span style=\"color: #333333;\">Les \u00e9l\u00e9ments et \u00e9quipements des b\u00e2timents doivent \u00eatre maintenus en bon \u00e9tat, de mani\u00e8re \u00e0 ce qu&rsquo;aucune <\/span><span style=\"color: #333333;\">diminution anormale des performances acoustiques n&rsquo;apparaisse dans le temps; le m\u00eame objectif doit \u00eatre <\/span><span style=\"color: #333333;\">assign\u00e9 \u00e0 leur remplacement.<\/span><\/p><p><span style=\"color: #333333;\">Les installations de ventilation, de chauffage et de climatisation, individuelles ou collectives, ne doivent <\/span><span style=\"color: #333333;\">pas \u00eatre source de g\u00eane au voisinage.<\/span><\/p><p><span style=\"color: #333333;\">Les travaux ou am\u00e9nagements, quels qu&rsquo;ils soient, effectu\u00e9s dans les b\u00e2timents, ne doivent pas avoir pour <\/span><span style=\"color: #333333;\">effet de diminuer sensiblement les caract\u00e9ristiques initiales d&rsquo;isolement acoustiques des parois ou <\/span><span style=\"color: #333333;\">\u00e9l\u00e9ments constitutifs de l&rsquo;immeuble ou du b\u00e2timent.<\/span><\/p><p><span style=\"color: #333333;\">Toutes pr\u00e9cautions doivent \u00eatre prises pour limiter le bruit lors de l&rsquo;installation de nouveaux \u00e9quipements <\/span><span style=\"color: #333333;\">individuels ou collectifs dans les b\u00e2timents.<\/span><\/p><p><span style=\"color: #333333;\">En cas de plainte, les propri\u00e9taires des b\u00e2timents sont tenus d&rsquo;apporter la preuve de la conformit\u00e9 des <\/span><span style=\"color: #333333;\">locaux.<\/span><\/p>\t\t\t\t\t<\/div>\n\t\t\t\t\t\t<\/div>\n\t\t\t\t<\/div>\n\t\t\t\t\t\t<\/div>\n\t\t\t\t\t<\/div>\n\t\t<\/div>\n\t\t\t\t\t\t\t\t<\/div>\n\t\t\t\t\t<\/div>\n\t\t<\/section>\n\t\t\t\t\t\t<\/div>\n\t\t\t\t\t<\/div>\n\t\t<\/div>\n\t\t\t\t\t\t\t\t<\/div>\n\t\t\t\t\t<\/div>\n\t\t<\/section>\n\t\t\t\t\t\t<\/div>\n\t\t\t\t\t\t<\/div>\n\t\t\t\t\t<\/div>\n\t\t","protected":false},"excerpt":{"rendered":"<p>Bien vivre ensemble Articles 10, 11, 12, 13 de la section 5 (bruit dans les propri\u00e9t\u00e9s priv\u00e9s) de l&rsquo;arr\u00eat\u00e9 N\u00b0 08-2432 du 22 juillet 2008. L&rsquo;arr\u00eat\u00e9 pr\u00e9fectoral complet est t\u00e9l\u00e9chargeable en cliquant ICI ! Article 10Les occupants et utilisateurs de locaux priv\u00e9s, d&rsquo;immeubles d&rsquo;habitation, de leur d\u00e9pendances et de leurs [&hellip;]<\/p>\n","protected":false},"author":1,"featured_media":5760,"parent":0,"menu_order":0,"comment_status":"closed","ping_status":"closed","template":"elementor_header_footer","meta":[],"_links":{"self":[{"href":"https:\/\/www.lamottetilly.fr\/wordpress\/index.php\/wp-json\/wp\/v2\/pages\/12522"}],"collection":[{"href":"https:\/\/www.lamottetilly.fr\/wordpress\/index.php\/wp-json\/wp\/v2\/pages"}],"about":[{"href":"https:\/\/www.lamottetilly.fr\/wordpress\/index.php\/wp-json\/wp\/v2\/types\/page"}],"author":[{"embeddable":true,"href":"https:\/\/www.lamottetilly.fr\/wordpress\/index.php\/wp-json\/wp\/v2\/users\/1"}],"replies":[{"embeddable":true,"href":"https:\/\/www.lamottetilly.fr\/wordpress\/index.php\/wp-json\/wp\/v2\/comments?post=12522"}],"version-history":[{"count":26,"href":"https:\/\/www.lamottetilly.fr\/wordpress\/index.php\/wp-json\/wp\/v2\/pages\/12522\/revisions"}],"predecessor-version":[{"id":12562,"href":"https:\/\/www.lamottetilly.fr\/wordpress\/index.php\/wp-json\/wp\/v2\/pages\/12522\/revisions\/12562"}],"wp:featuredmedia":[{"embeddable":true,"href":"https:\/\/www.lamottetilly.fr\/wordpress\/index.php\/wp-json\/wp\/v2\/media\/5760"}],"wp:attachment":[{"href":"https:\/\/www.lamottetilly.fr\/wordpress\/index.php\/wp-json\/wp\/v2\/media?parent=12522"}],"curies":[{"name":"wp","href":"https:\/\/api.w.org\/{rel}","templated":true}]}}